{"id":12,"date":"2018-06-27T13:51:22","date_gmt":"2018-06-27T11:51:22","guid":{"rendered":"https:\/\/appkrystiankubiak.pl\/?page_id=12"},"modified":"2019-07-25T09:19:30","modified_gmt":"2019-07-25T07:19:30","slug":"oferta","status":"publish","type":"page","link":"https:\/\/appkrystiankubiak.pl\/index.php\/oferta\/","title":{"rendered":"Oferta"},"content":{"rendered":"\t\t<div data-elementor-type=\"wp-post\" data-elementor-id=\"12\" class=\"elementor elementor-12\" data-elementor-post-type=\"page\">\n\t\t\t\t\t\t<section class=\"elementor-section elementor-top-section elementor-element elementor-element-02a30fa elementor-section-stretched elementor-section-full_width elementor-section-height-default elementor-section-height-default\" data-id=\"02a30fa\" data-element_type=\"section\" data-e-type=\"section\" data-settings=\"{&quot;stretch_section&quot;:&quot;section-stretched&quot;,&quot;background_background&quot;:&quot;classic&quot;}\">\n\t\t\t\t\t\t<div class=\"elementor-container elementor-column-gap-default\">\n\t\t\t\t\t<div class=\"elementor-column elementor-col-100 elementor-top-column elementor-element elementor-element-11457da\" data-id=\"11457da\" data-element_type=\"column\" data-e-type=\"column\">\n\t\t\t<div class=\"elementor-widget-wrap elementor-element-populated\">\n\t\t\t\t\t\t<section class=\"elementor-section elementor-inner-section elementor-element elementor-element-bbed795 elementor-section-boxed elementor-section-height-default elementor-section-height-default\" data-id=\"bbed795\" data-element_type=\"section\" data-e-type=\"section\">\n\t\t\t\t\t\t<div class=\"elementor-container elementor-column-gap-default\">\n\t\t\t\t\t<div class=\"elementor-column elementor-col-100 elementor-inner-column elementor-element elementor-element-5169d3f\" data-id=\"5169d3f\" data-element_type=\"column\" data-e-type=\"column\">\n\t\t\t<div class=\"elementor-widget-wrap\">\n\t\t\t\t\t\t\t<\/div>\n\t\t<\/div>\n\t\t\t\t\t<\/div>\n\t\t<\/section>\n\t\t\t\t\t<\/div>\n\t\t<\/div>\n\t\t\t\t\t<\/div>\n\t\t<\/section>\n\t\t\t\t<section class=\"elementor-section elementor-top-section elementor-element elementor-element-6d151a5 elementor-section-boxed elementor-section-height-default elementor-section-height-default\" data-id=\"6d151a5\" data-element_type=\"section\" data-e-type=\"section\" data-settings=\"{&quot;background_background&quot;:&quot;classic&quot;}\">\n\t\t\t\t\t\t<div class=\"elementor-container elementor-column-gap-default\">\n\t\t\t\t\t<div class=\"elementor-column elementor-col-100 elementor-top-column elementor-element elementor-element-0028a2e\" data-id=\"0028a2e\" data-element_type=\"column\" data-e-type=\"column\">\n\t\t\t<div class=\"elementor-widget-wrap elementor-element-populated\">\n\t\t\t\t\t\t<section class=\"elementor-section elementor-inner-section elementor-element elementor-element-a94c067 elementor-section-boxed elementor-section-height-default elementor-section-height-default\" data-id=\"a94c067\" data-element_type=\"section\" data-e-type=\"section\">\n\t\t\t\t\t\t<div class=\"elementor-container elementor-column-gap-default\">\n\t\t\t\t\t<div class=\"elementor-column elementor-col-50 elementor-inner-column elementor-element elementor-element-e53872f\" data-id=\"e53872f\" data-element_type=\"column\" data-e-type=\"column\">\n\t\t\t<div class=\"elementor-widget-wrap elementor-element-populated\">\n\t\t\t\t\t\t<div class=\"elementor-element elementor-element-d4bd31c elementor-widget elementor-widget-heading\" data-id=\"d4bd31c\" data-element_type=\"widget\" data-e-type=\"widget\" data-widget_type=\"heading.default\">\n\t\t\t\t<div class=\"elementor-widget-container\">\n\t\t\t\t\t<h2 class=\"elementor-heading-title elementor-size-default\">OFERTA<\/h2>\t\t\t\t<\/div>\n\t\t\t\t<\/div>\n\t\t\t\t<div class=\"elementor-element elementor-element-b6a4595 elementor-widget-divider--view-line elementor-widget elementor-widget-divider\" data-id=\"b6a4595\" data-element_type=\"widget\" data-e-type=\"widget\" data-widget_type=\"divider.default\">\n\t\t\t\t<div class=\"elementor-widget-container\">\n\t\t\t\t\t\t\t<div class=\"elementor-divider\">\n\t\t\t<span class=\"elementor-divider-separator\">\n\t\t\t\t\t\t<\/span>\n\t\t<\/div>\n\t\t\t\t\t\t<\/div>\n\t\t\t\t<\/div>\n\t\t\t\t\t<\/div>\n\t\t<\/div>\n\t\t\t\t<div class=\"elementor-column elementor-col-50 elementor-inner-column elementor-element elementor-element-9d3933a\" data-id=\"9d3933a\" data-element_type=\"column\" data-e-type=\"column\">\n\t\t\t<div class=\"elementor-widget-wrap elementor-element-populated\">\n\t\t\t\t\t\t<div class=\"elementor-element elementor-element-dd35a56 elementor-widget elementor-widget-text-editor\" data-id=\"dd35a56\" data-element_type=\"widget\" data-e-type=\"widget\" data-widget_type=\"text-editor.default\">\n\t\t\t\t<div class=\"elementor-widget-container\">\n\t\t\t\t\t\t\t\t\t<p>Wsp\u00f3\u0142pracuj\u0105c z Autorsk\u0105 Pracowni\u0105 Projektow\u0105 do Pa\u0144stwa dyspozycji jeste\u015bmy nie tylko my ale i zesp\u00f3\u0142 do\u015bwiadczonych, tw\u00f3rczych in\u017cynier\u00f3w z wielu bran\u017c. Posiadamy niezb\u0119dn\u0105 wiedz\u0119, do\u015bwiadczenie aby profesjonalnie i terminowo wywi\u0105zywa\u0107 si\u0119 z zleconych nam projekt\u00f3w.\u00a0<\/p>\t\t\t\t\t\t\t\t<\/div>\n\t\t\t\t<\/div>\n\t\t\t\t\t<\/div>\n\t\t<\/div>\n\t\t\t\t\t<\/div>\n\t\t<\/section>\n\t\t\t\t\t<\/div>\n\t\t<\/div>\n\t\t\t\t\t<\/div>\n\t\t<\/section>\n\t\t\t\t<section class=\"elementor-section elementor-top-section elementor-element elementor-element-750b09b9 elementor-section-boxed elementor-section-height-default elementor-section-height-default\" data-id=\"750b09b9\" data-element_type=\"section\" data-e-type=\"section\">\n\t\t\t\t\t\t<div class=\"elementor-container elementor-column-gap-default\">\n\t\t\t\t\t<div class=\"elementor-column elementor-col-100 elementor-top-column elementor-element elementor-element-6fe3ea7c\" data-id=\"6fe3ea7c\" data-element_type=\"column\" data-e-type=\"column\">\n\t\t\t<div class=\"elementor-widget-wrap elementor-element-populated\">\n\t\t\t\t\t\t<div class=\"elementor-element elementor-element-c7923f1 elementor-widget elementor-widget-heading\" data-id=\"c7923f1\" data-element_type=\"widget\" data-e-type=\"widget\" data-widget_type=\"heading.default\">\n\t\t\t\t<div class=\"elementor-widget-container\">\n\t\t\t\t\t<h3 class=\"elementor-heading-title elementor-size-default\">Ka\u017cde nowe zadanie traktujemy jak wyj\u0105tkowe wyzwanie, maj\u0105c na celu innowacyjny projekt spe\u0142niaj\u0105cy wszystkie oczekiwania inwestora- niebanalna forma, techniczne innowacje i rozs\u0105dny bud\u017cet.<\/h3>\t\t\t\t<\/div>\n\t\t\t\t<\/div>\n\t\t\t\t\t<\/div>\n\t\t<\/div>\n\t\t\t\t\t<\/div>\n\t\t<\/section>\n\t\t\t\t<\/div>\n\t\t","protected":false},"excerpt":{"rendered":"<p>OFERTA Wsp\u00f3\u0142pracuj\u0105c z Autorsk\u0105 Pracowni\u0105 Projektow\u0105 do Pa\u0144stwa dyspozycji jeste\u015bmy nie tylko my ale i zesp\u00f3\u0142 do\u015bwiadczonych, tw\u00f3rczych in\u017cynier\u00f3w z wielu bran\u017c. Posiadamy niezb\u0119dn\u0105 wiedz\u0119, do\u015bwiadczenie aby profesjonalnie i terminowo wywi\u0105zywa\u0107 si\u0119 z zleconych nam projekt\u00f3w.\u00a0 Ka\u017cde nowe zadanie traktujemy jak wyj\u0105tkowe wyzwanie, maj\u0105c na celu innowacyjny projekt spe\u0142niaj\u0105cy wszystkie oczekiwania inwestora- niebanalna forma, techniczne [&hellip;]<\/p>\n","protected":false},"author":1,"featured_media":0,"parent":0,"menu_order":0,"comment_status":"closed","ping_status":"closed","template":"","meta":{"ocean_post_layout":"","ocean_both_sidebars_style":"","ocean_both_sidebars_content_width":0,"ocean_both_sidebars_sidebars_width":0,"ocean_sidebar":"","ocean_second_sidebar":"","ocean_disable_margins":"enable","ocean_add_body_class":"","ocean_shortcode_before_top_bar":"","ocean_shortcode_after_top_bar":"","ocean_shortcode_before_header":"","ocean_shortcode_after_header":"","ocean_has_shortcode":"","ocean_shortcode_after_title":"","ocean_shortcode_before_footer_widgets":"","ocean_shortcode_after_footer_widgets":"","ocean_shortcode_before_footer_bottom":"","ocean_shortcode_after_footer_bottom":"","ocean_display_top_bar":"default","ocean_display_header":"default","ocean_header_style":"","ocean_center_header_left_menu":"","ocean_custom_header_template":"","ocean_custom_logo":0,"ocean_custom_retina_logo":0,"ocean_custom_logo_max_width":0,"ocean_custom_logo_tablet_max_width":0,"ocean_custom_logo_mobile_max_width":0,"ocean_custom_logo_max_height":0,"ocean_custom_logo_tablet_max_height":0,"ocean_custom_logo_mobile_max_height":0,"ocean_header_custom_menu":"","ocean_menu_typo_font_family":"","ocean_menu_typo_font_subset":"","ocean_menu_typo_font_size":0,"ocean_menu_typo_font_size_tablet":0,"ocean_menu_typo_font_size_mobile":0,"ocean_menu_typo_font_size_unit":"px","ocean_menu_typo_font_weight":"","ocean_menu_typo_font_weight_tablet":"","ocean_menu_typo_font_weight_mobile":"","ocean_menu_typo_transform":"","ocean_menu_typo_transform_tablet":"","ocean_menu_typo_transform_mobile":"","ocean_menu_typo_line_height":0,"ocean_menu_typo_line_height_tablet":0,"ocean_menu_typo_line_height_mobile":0,"ocean_menu_typo_line_height_unit":"","ocean_menu_typo_spacing":0,"ocean_menu_typo_spacing_tablet":0,"ocean_menu_typo_spacing_mobile":0,"ocean_menu_typo_spacing_unit":"","ocean_menu_link_color":"","ocean_menu_link_color_hover":"","ocean_menu_link_color_active":"","ocean_menu_link_background":"","ocean_menu_link_hover_background":"","ocean_menu_link_active_background":"","ocean_menu_social_links_bg":"","ocean_menu_social_hover_links_bg":"","ocean_menu_social_links_color":"","ocean_menu_social_hover_links_color":"","ocean_disable_title":"default","ocean_disable_heading":"default","ocean_post_title":"","ocean_post_subheading":"","ocean_post_title_style":"","ocean_post_title_background_color":"","ocean_post_title_background":0,"ocean_post_title_bg_image_position":"","ocean_post_title_bg_image_attachment":"","ocean_post_title_bg_image_repeat":"","ocean_post_title_bg_image_size":"","ocean_post_title_height":0,"ocean_post_title_bg_overlay":0.5,"ocean_post_title_bg_overlay_color":"","ocean_disable_breadcrumbs":"default","ocean_breadcrumbs_color":"","ocean_breadcrumbs_separator_color":"","ocean_breadcrumbs_links_color":"","ocean_breadcrumbs_links_hover_color":"","ocean_display_footer_widgets":"default","ocean_display_footer_bottom":"default","ocean_custom_footer_template":"","footnotes":""},"class_list":["post-12","page","type-page","status-publish","hentry","entry"],"yoast_head":"<!-- This site is optimized with the Yoast SEO plugin v27.4 - https:\/\/yoast.com\/product\/yoast-seo-wordpress\/ -->\n<title>Oferta - APP Krystian Kubiak<\/title>\n<meta name=\"robots\" content=\"index, follow, max-snippet:-1, max-image-preview:large, max-video-preview:-1\" \/>\n<link rel=\"canonical\" href=\"https:\/\/appkrystiankubiak.pl\/index.php\/oferta\/\" \/>\n<meta property=\"og:locale\" content=\"pl_PL\" \/>\n<meta property=\"og:type\" content=\"article\" \/>\n<meta property=\"og:title\" content=\"Oferta - APP Krystian Kubiak\" \/>\n<meta property=\"og:description\" content=\"OFERTA Wsp\u00f3\u0142pracuj\u0105c z Autorsk\u0105 Pracowni\u0105 Projektow\u0105 do Pa\u0144stwa dyspozycji jeste\u015bmy nie tylko my ale i zesp\u00f3\u0142 do\u015bwiadczonych, tw\u00f3rczych in\u017cynier\u00f3w z wielu bran\u017c. Posiadamy niezb\u0119dn\u0105 wiedz\u0119, do\u015bwiadczenie aby profesjonalnie i terminowo wywi\u0105zywa\u0107 si\u0119 z zleconych nam projekt\u00f3w.\u00a0 Ka\u017cde nowe zadanie traktujemy jak wyj\u0105tkowe wyzwanie, maj\u0105c na celu innowacyjny projekt spe\u0142niaj\u0105cy wszystkie oczekiwania inwestora- niebanalna forma, techniczne [&hellip;]\" \/>\n<meta property=\"og:url\" content=\"https:\/\/appkrystiankubiak.pl\/index.php\/oferta\/\" \/>\n<meta property=\"og:site_name\" content=\"APP Krystian Kubiak\" \/>\n<meta property=\"article:modified_time\" content=\"2019-07-25T07:19:30+00:00\" \/>\n<meta name=\"twitter:card\" content=\"summary_large_image\" \/>\n<script type=\"application\/ld+json\" class=\"yoast-schema-graph\">{\"@context\":\"https:\\\/\\\/schema.org\",\"@graph\":[{\"@type\":\"WebPage\",\"@id\":\"https:\\\/\\\/appkrystiankubiak.pl\\\/index.php\\\/oferta\\\/\",\"url\":\"https:\\\/\\\/appkrystiankubiak.pl\\\/index.php\\\/oferta\\\/\",\"name\":\"Oferta - APP Krystian Kubiak\",\"isPartOf\":{\"@id\":\"https:\\\/\\\/appkrystiankubiak.pl\\\/#website\"},\"datePublished\":\"2018-06-27T11:51:22+00:00\",\"dateModified\":\"2019-07-25T07:19:30+00:00\",\"breadcrumb\":{\"@id\":\"https:\\\/\\\/appkrystiankubiak.pl\\\/index.php\\\/oferta\\\/#breadcrumb\"},\"inLanguage\":\"pl-PL\",\"potentialAction\":[{\"@type\":\"ReadAction\",\"target\":[\"https:\\\/\\\/appkrystiankubiak.pl\\\/index.php\\\/oferta\\\/\"]}]},{\"@type\":\"BreadcrumbList\",\"@id\":\"https:\\\/\\\/appkrystiankubiak.pl\\\/index.php\\\/oferta\\\/#breadcrumb\",\"itemListElement\":[{\"@type\":\"ListItem\",\"position\":1,\"name\":\"Strona g\u0142\u00f3wna\",\"item\":\"https:\\\/\\\/appkrystiankubiak.pl\\\/\"},{\"@type\":\"ListItem\",\"position\":2,\"name\":\"Oferta\"}]},{\"@type\":\"WebSite\",\"@id\":\"https:\\\/\\\/appkrystiankubiak.pl\\\/#website\",\"url\":\"https:\\\/\\\/appkrystiankubiak.pl\\\/\",\"name\":\"APP Krystian Kubiak\",\"description\":\"Zapraszamy do zapoznania si\u0119 z nasz\u0105 ofert\u0105.\",\"potentialAction\":[{\"@type\":\"SearchAction\",\"target\":{\"@type\":\"EntryPoint\",\"urlTemplate\":\"https:\\\/\\\/appkrystiankubiak.pl\\\/?s={search_term_string}\"},\"query-input\":{\"@type\":\"PropertyValueSpecification\",\"valueRequired\":true,\"valueName\":\"search_term_string\"}}],\"inLanguage\":\"pl-PL\"}]}<\/script>\n<!-- \/ Yoast SEO plugin. -->","yoast_head_json":{"title":"Oferta - APP Krystian Kubiak","robots":{"index":"index","follow":"follow","max-snippet":"max-snippet:-1","max-image-preview":"max-image-preview:large","max-video-preview":"max-video-preview:-1"},"canonical":"https:\/\/appkrystiankubiak.pl\/index.php\/oferta\/","og_locale":"pl_PL","og_type":"article","og_title":"Oferta - APP Krystian Kubiak","og_description":"OFERTA Wsp\u00f3\u0142pracuj\u0105c z Autorsk\u0105 Pracowni\u0105 Projektow\u0105 do Pa\u0144stwa dyspozycji jeste\u015bmy nie tylko my ale i zesp\u00f3\u0142 do\u015bwiadczonych, tw\u00f3rczych in\u017cynier\u00f3w z wielu bran\u017c. Posiadamy niezb\u0119dn\u0105 wiedz\u0119, do\u015bwiadczenie aby profesjonalnie i terminowo wywi\u0105zywa\u0107 si\u0119 z zleconych nam projekt\u00f3w.\u00a0 Ka\u017cde nowe zadanie traktujemy jak wyj\u0105tkowe wyzwanie, maj\u0105c na celu innowacyjny projekt spe\u0142niaj\u0105cy wszystkie oczekiwania inwestora- niebanalna forma, techniczne [&hellip;]","og_url":"https:\/\/appkrystiankubiak.pl\/index.php\/oferta\/","og_site_name":"APP Krystian Kubiak","article_modified_time":"2019-07-25T07:19:30+00:00","twitter_card":"summary_large_image","schema":{"@context":"https:\/\/schema.org","@graph":[{"@type":"WebPage","@id":"https:\/\/appkrystiankubiak.pl\/index.php\/oferta\/","url":"https:\/\/appkrystiankubiak.pl\/index.php\/oferta\/","name":"Oferta - APP Krystian Kubiak","isPartOf":{"@id":"https:\/\/appkrystiankubiak.pl\/#website"},"datePublished":"2018-06-27T11:51:22+00:00","dateModified":"2019-07-25T07:19:30+00:00","breadcrumb":{"@id":"https:\/\/appkrystiankubiak.pl\/index.php\/oferta\/#breadcrumb"},"inLanguage":"pl-PL","potentialAction":[{"@type":"ReadAction","target":["https:\/\/appkrystiankubiak.pl\/index.php\/oferta\/"]}]},{"@type":"BreadcrumbList","@id":"https:\/\/appkrystiankubiak.pl\/index.php\/oferta\/#breadcrumb","itemListElement":[{"@type":"ListItem","position":1,"name":"Strona g\u0142\u00f3wna","item":"https:\/\/appkrystiankubiak.pl\/"},{"@type":"ListItem","position":2,"name":"Oferta"}]},{"@type":"WebSite","@id":"https:\/\/appkrystiankubiak.pl\/#website","url":"https:\/\/appkrystiankubiak.pl\/","name":"APP Krystian Kubiak","description":"Zapraszamy do zapoznania si\u0119 z nasz\u0105 ofert\u0105.","potentialAction":[{"@type":"SearchAction","target":{"@type":"EntryPoint","urlTemplate":"https:\/\/appkrystiankubiak.pl\/?s={search_term_string}"},"query-input":{"@type":"PropertyValueSpecification","valueRequired":true,"valueName":"search_term_string"}}],"inLanguage":"pl-PL"}]}},"_links":{"self":[{"href":"https:\/\/appkrystiankubiak.pl\/index.php\/wp-json\/wp\/v2\/pages\/12","targetHints":{"allow":["GET"]}}],"collection":[{"href":"https:\/\/appkrystiankubiak.pl\/index.php\/wp-json\/wp\/v2\/pages"}],"about":[{"href":"https:\/\/appkrystiankubiak.pl\/index.php\/wp-json\/wp\/v2\/types\/page"}],"author":[{"embeddable":true,"href":"https:\/\/appkrystiankubiak.pl\/index.php\/wp-json\/wp\/v2\/users\/1"}],"replies":[{"embeddable":true,"href":"https:\/\/appkrystiankubiak.pl\/index.php\/wp-json\/wp\/v2\/comments?post=12"}],"version-history":[{"count":25,"href":"https:\/\/appkrystiankubiak.pl\/index.php\/wp-json\/wp\/v2\/pages\/12\/revisions"}],"predecessor-version":[{"id":437,"href":"https:\/\/appkrystiankubiak.pl\/index.php\/wp-json\/wp\/v2\/pages\/12\/revisions\/437"}],"wp:attachment":[{"href":"https:\/\/appkrystiankubiak.pl\/index.php\/wp-json\/wp\/v2\/media?parent=12"}],"curies":[{"name":"wp","href":"https:\/\/api.w.org\/{rel}","templated":true}]}}